{"id":9065,"date":"2025-02-05T14:44:07","date_gmt":"2025-02-05T20:44:07","guid":{"rendered":"https:\/\/msagros.com.mx\/?page_id=9065"},"modified":"2025-02-05T14:46:34","modified_gmt":"2025-02-05T20:46:34","slug":"tp-angel-baron","status":"publish","type":"page","link":"https:\/\/msagros.com.mx\/en\/tp-angel-baron\/","title":{"rendered":"TP \u00c1ngel Bar\u00f3n Medrano"},"content":{"rendered":"<div data-elementor-type=\"wp-page\" data-elementor-id=\"9065\" class=\"elementor elementor-9065\">\n\t\t\t\t\t\t<div class=\"elementor-inner\">\n\t\t\t\t<div class=\"elementor-section-wrap\">\n\t\t\t\t\t\t\t\t\t<section class=\"elementor-section elementor-top-section elementor-element elementor-element-ac4dd19 elementor-section-boxed elementor-section-height-default elementor-section-height-default\" data-id=\"ac4dd19\" data-element_type=\"section\" data-settings=\"{&quot;background_background&quot;:&quot;slideshow&quot;,&quot;background_slideshow_gallery&quot;:[{&quot;id&quot;:3227,&quot;url&quot;:&quot;http:\\\/\\\/msagros.com.mx\\\/wp-content\\\/uploads\\\/2021\\\/07\\\/IMG_20160706_125008574-scaled-1.png&quot;},{&quot;id&quot;:1898,&quot;url&quot;:&quot;http:\\\/\\\/msagros.com.mx\\\/wp-content\\\/uploads\\\/2021\\\/02\\\/VEGETAL-OIL_BANNER.jpg&quot;},{&quot;id&quot;:1881,&quot;url&quot;:&quot;http:\\\/\\\/msagros.com.mx\\\/wp-content\\\/uploads\\\/2021\\\/02\\\/coadyuvantes.jpg&quot;},{&quot;id&quot;:1873,&quot;url&quot;:&quot;http:\\\/\\\/msagros.com.mx\\\/wp-content\\\/uploads\\\/2021\\\/02\\\/ACIDIX-PH_BANNER.png&quot;},{&quot;id&quot;:1686,&quot;url&quot;:&quot;http:\\\/\\\/msagros.com.mx\\\/wp-content\\\/uploads\\\/2021\\\/02\\\/KANSAS-8-24-10_BANNER.jpg&quot;},{&quot;id&quot;:1683,&quot;url&quot;:&quot;http:\\\/\\\/msagros.com.mx\\\/wp-content\\\/uploads\\\/2021\\\/02\\\/K-45_BANNER.jpg&quot;},{&quot;id&quot;:1644,&quot;url&quot;:&quot;http:\\\/\\\/msagros.com.mx\\\/wp-content\\\/uploads\\\/2021\\\/02\\\/FOSFI-MG_BANNER.jpg&quot;},{&quot;id&quot;:1653,&quot;url&quot;:&quot;http:\\\/\\\/msagros.com.mx\\\/wp-content\\\/uploads\\\/2021\\\/02\\\/FOSFI-Z_BANNER.jpg&quot;}],&quot;background_slideshow_transition_duration&quot;:800,&quot;background_slideshow_loop&quot;:&quot;yes&quot;,&quot;background_slideshow_slide_duration&quot;:5000,&quot;background_slideshow_slide_transition&quot;:&quot;fade&quot;}\">\n\t\t\t\t\t\t\t<div class=\"elementor-background-overlay\"><\/div>\n\t\t\t\t\t\t\t<div class=\"elementor-container elementor-column-gap-default\">\n\t\t\t\t\t\t\t<div class=\"elementor-row\">\n\t\t\t\t\t<div class=\"elementor-column elementor-col-100 elementor-top-column elementor-element elementor-element-6140ef3\" data-id=\"6140ef3\" data-element_type=\"column\">\n\t\t\t<div class=\"elementor-column-wrap elementor-element-populated\">\n\t\t\t\t\t\t\t<div class=\"elementor-widget-wrap\">\n\t\t\t\t\t\t<div class=\"elementor-element elementor-element-a4b14f0 elementor-widget elementor-widget-image\" data-id=\"a4b14f0\" data-element_type=\"widget\" data-widget_type=\"image.default\">\n\t\t\t\t<div class=\"elementor-widget-container\">\n\t\t\t\t\t\t\t\t<div class=\"elementor-image\">\n\t\t\t\t\t\t\t\t\t\t\t\t<img loading=\"lazy\" decoding=\"async\" width=\"512\" height=\"512\" data-src=\"https:\/\/msagros.com.mx\/wp-content\/uploads\/2025\/01\/cropped-cropped-logo-nuevo-msagros_contorno-blanco.png\" class=\"attachment-medium_large size-medium_large wp-image-8969 lazyload\" alt=\"\" data-srcset=\"https:\/\/msagros.com.mx\/wp-content\/uploads\/2025\/01\/cropped-cropped-logo-nuevo-msagros_contorno-blanco.png 512w, https:\/\/msagros.com.mx\/wp-content\/uploads\/2025\/01\/cropped-cropped-logo-nuevo-msagros_contorno-blanco-300x300.png 300w, https:\/\/msagros.com.mx\/wp-content\/uploads\/2025\/01\/cropped-cropped-logo-nuevo-msagros_contorno-blanco-150x150.png 150w, https:\/\/msagros.com.mx\/wp-content\/uploads\/2025\/01\/cropped-cropped-logo-nuevo-msagros_contorno-blanco-270x270.png 270w, https:\/\/msagros.com.mx\/wp-content\/uploads\/2025\/01\/cropped-cropped-logo-nuevo-msagros_contorno-blanco-192x192.png 192w, https:\/\/msagros.com.mx\/wp-content\/uploads\/2025\/01\/cropped-cropped-logo-nuevo-msagros_contorno-blanco-180x180.png 180w, https:\/\/msagros.com.mx\/wp-content\/uploads\/2025\/01\/cropped-cropped-logo-nuevo-msagros_contorno-blanco-32x32.png 32w\" data-sizes=\"auto, (max-width: 512px) 100vw, 512px\" src=\"data:image\/gif;base64,R0lGODlhAQABAAAAACH5BAEKAAEALAAAAAABAAEAAAICTAEAOw==\" style=\"--smush-placeholder-width: 512px; --smush-placeholder-aspect-ratio: 512\/512;\" \/><noscript><img loading=\"lazy\" decoding=\"async\" width=\"512\" height=\"512\" src=\"https:\/\/msagros.com.mx\/wp-content\/uploads\/2025\/01\/cropped-cropped-logo-nuevo-msagros_contorno-blanco.png\" class=\"attachment-medium_large size-medium_large wp-image-8969\" alt=\"\" srcset=\"https:\/\/msagros.com.mx\/wp-content\/uploads\/2025\/01\/cropped-cropped-logo-nuevo-msagros_contorno-blanco.png 512w, https:\/\/msagros.com.mx\/wp-content\/uploads\/2025\/01\/cropped-cropped-logo-nuevo-msagros_contorno-blanco-300x300.png 300w, https:\/\/msagros.com.mx\/wp-content\/uploads\/2025\/01\/cropped-cropped-logo-nuevo-msagros_contorno-blanco-150x150.png 150w, https:\/\/msagros.com.mx\/wp-content\/uploads\/2025\/01\/cropped-cropped-logo-nuevo-msagros_contorno-blanco-270x270.png 270w, https:\/\/msagros.com.mx\/wp-content\/uploads\/2025\/01\/cropped-cropped-logo-nuevo-msagros_contorno-blanco-192x192.png 192w, https:\/\/msagros.com.mx\/wp-content\/uploads\/2025\/01\/cropped-cropped-logo-nuevo-msagros_contorno-blanco-180x180.png 180w, https:\/\/msagros.com.mx\/wp-content\/uploads\/2025\/01\/cropped-cropped-logo-nuevo-msagros_contorno-blanco-32x32.png 32w\" sizes=\"auto, (max-width: 512px) 100vw, 512px\" \/><\/noscript>\t\t\t\t\t\t\t\t\t\t\t\t\t\t<\/div>\n\t\t\t\t\t\t<\/div>\n\t\t\t\t<\/div>\n\t\t\t\t<div class=\"elementor-element elementor-element-2119e38 elementor-widget elementor-widget-heading\" data-id=\"2119e38\" data-element_type=\"widget\" data-widget_type=\"heading.default\">\n\t\t\t\t<div class=\"elementor-widget-container\">\n\t\t\t<h2 class=\"elementor-heading-title elementor-size-default\">\u00c1ngel Bar\u00f3n Medrano<\/h2>\t\t<\/div>\n\t\t\t\t<\/div>\n\t\t\t\t<div class=\"elementor-element elementor-element-a655e13 elementor-widget elementor-widget-heading\" data-id=\"a655e13\" data-element_type=\"widget\" data-widget_type=\"heading.default\">\n\t\t\t\t<div class=\"elementor-widget-container\">\n\t\t\t<h2 class=\"elementor-heading-title elementor-size-default\">Seguridad<\/h2>\t\t<\/div>\n\t\t\t\t<\/div>\n\t\t\t\t\t\t<\/div>\n\t\t\t\t\t<\/div>\n\t\t<\/div>\n\t\t\t\t\t\t\t\t<\/div>\n\t\t\t\t\t<\/div>\n\t\t<\/section>\n\t\t\t\t<section class=\"elementor-section elementor-top-section elementor-element elementor-element-affdee7 elementor-section-boxed elementor-section-height-default elementor-section-height-default\" data-id=\"affdee7\" data-element_type=\"section\">\n\t\t\t\t\t\t<div class=\"elementor-container elementor-column-gap-default\">\n\t\t\t\t\t\t\t<div class=\"elementor-row\">\n\t\t\t\t\t<div class=\"elementor-column elementor-col-100 elementor-top-column elementor-element elementor-element-0d820f0\" data-id=\"0d820f0\" data-element_type=\"column\">\n\t\t\t<div class=\"elementor-column-wrap elementor-element-populated\">\n\t\t\t\t\t\t\t<div class=\"elementor-widget-wrap\">\n\t\t\t\t\t\t<div class=\"elementor-element elementor-element-4f141d0 elementor-widget-divider--view-line elementor-widget elementor-widget-divider\" data-id=\"4f141d0\" data-element_type=\"widget\" data-widget_type=\"divider.default\">\n\t\t\t\t<div class=\"elementor-widget-container\">\n\t\t\t\t\t<div class=\"elementor-divider\">\n\t\t\t<span class=\"elementor-divider-separator\">\n\t\t\t\t\t\t<\/span>\n\t\t<\/div>\n\t\t\t\t<\/div>\n\t\t\t\t<\/div>\n\t\t\t\t\t\t<\/div>\n\t\t\t\t\t<\/div>\n\t\t<\/div>\n\t\t\t\t\t\t\t\t<\/div>\n\t\t\t\t\t<\/div>\n\t\t<\/section>\n\t\t\t\t<section class=\"elementor-section elementor-top-section elementor-element elementor-element-ee5a0f5 elementor-section-boxed elementor-section-height-default elementor-section-height-default\" data-id=\"ee5a0f5\" data-element_type=\"section\">\n\t\t\t\t\t\t<div class=\"elementor-container elementor-column-gap-default\">\n\t\t\t\t\t\t\t<div class=\"elementor-row\">\n\t\t\t\t\t<div class=\"elementor-column elementor-col-100 elementor-top-column elementor-element elementor-element-649f35b\" data-id=\"649f35b\" data-element_type=\"column\">\n\t\t\t<div class=\"elementor-column-wrap elementor-element-populated\">\n\t\t\t\t\t\t\t<div class=\"elementor-widget-wrap\">\n\t\t\t\t\t\t<div class=\"elementor-element elementor-element-9d937c2 elementor-align-justify elementor-mobile-align-justify elementor-widget elementor-widget-button\" data-id=\"9d937c2\" data-element_type=\"widget\" data-widget_type=\"button.default\">\n\t\t\t\t<div class=\"elementor-widget-container\">\n\t\t\t\t\t<div class=\"elementor-button-wrapper\">\n\t\t\t<a class=\"elementor-button elementor-button-link elementor-size-sm elementor-animation-grow\" href=\"https:\/\/wa.link\/nk1mrg\">\n\t\t\t\t\t\t<span class=\"elementor-button-content-wrapper\">\n\t\t\t\t\t\t<span class=\"elementor-button-icon elementor-align-icon-left\">\n\t\t\t\t<i aria-hidden=\"true\" class=\"fab fa-whatsapp\"><\/i>\t\t\t<\/span>\n\t\t\t\t\t\t<span class=\"elementor-button-text\">ESCR\u00cdBEME POR WHATSAPP<\/span>\n\t\t<\/span>\n\t\t\t\t\t<\/a>\n\t\t<\/div>\n\t\t\t\t<\/div>\n\t\t\t\t<\/div>\n\t\t\t\t<div class=\"elementor-element elementor-element-1b657d7 elementor-align-justify elementor-mobile-align-justify elementor-widget elementor-widget-button\" data-id=\"1b657d7\" data-element_type=\"widget\" data-widget_type=\"button.default\">\n\t\t\t\t<div class=\"elementor-widget-container\">\n\t\t\t\t\t<div class=\"elementor-button-wrapper\">\n\t\t\t<a class=\"elementor-button elementor-button-link elementor-size-sm elementor-animation-grow\" href=\"tel:+52%2055%208015%204593\">\n\t\t\t\t\t\t<span class=\"elementor-button-content-wrapper\">\n\t\t\t\t\t\t<span class=\"elementor-button-icon elementor-align-icon-left\">\n\t\t\t\t<i aria-hidden=\"true\" class=\"fas fa-phone-alt\"><\/i>\t\t\t<\/span>\n\t\t\t\t\t\t<span class=\"elementor-button-text\">LL\u00c1MAME<\/span>\n\t\t<\/span>\n\t\t\t\t\t<\/a>\n\t\t<\/div>\n\t\t\t\t<\/div>\n\t\t\t\t<\/div>\n\t\t\t\t<div class=\"elementor-element elementor-element-d998e6b elementor-align-justify elementor-widget elementor-widget-button\" data-id=\"d998e6b\" data-element_type=\"widget\" data-widget_type=\"button.default\">\n\t\t\t\t<div class=\"elementor-widget-container\">\n\t\t\t\t\t<div class=\"elementor-button-wrapper\">\n\t\t\t<a class=\"elementor-button elementor-size-sm\" role=\"button\">\n\t\t\t\t\t\t<span class=\"elementor-button-content-wrapper\">\n\t\t\t\t\t\t<span class=\"elementor-button-icon elementor-align-icon-left\">\n\t\t\t\t<i aria-hidden=\"true\" class=\"far fa-envelope\"><\/i>\t\t\t<\/span>\n\t\t\t\t\t\t<span class=\"elementor-button-text\">contacto@msagros.com.mx<\/span>\n\t\t<\/span>\n\t\t\t\t\t<\/a>\n\t\t<\/div>\n\t\t\t\t<\/div>\n\t\t\t\t<\/div>\n\t\t\t\t<div class=\"elementor-element elementor-element-91cd697 elementor-align-justify elementor-widget elementor-widget-button\" data-id=\"91cd697\" data-element_type=\"widget\" data-widget_type=\"button.default\">\n\t\t\t\t<div class=\"elementor-widget-container\">\n\t\t\t\t\t<div class=\"elementor-button-wrapper\">\n\t\t\t<a class=\"elementor-button elementor-button-link elementor-size-sm elementor-animation-grow\" href=\"https:\/\/msagros.com.mx\/en\/\">\n\t\t\t\t\t\t<span class=\"elementor-button-content-wrapper\">\n\t\t\t\t\t\t<span class=\"elementor-button-icon elementor-align-icon-left\">\n\t\t\t\t<i aria-hidden=\"true\" class=\"fas fa-globe\"><\/i>\t\t\t<\/span>\n\t\t\t\t\t\t<span class=\"elementor-button-text\">VISITA NUESTRO SITIO WEB<\/span>\n\t\t<\/span>\n\t\t\t\t\t<\/a>\n\t\t<\/div>\n\t\t\t\t<\/div>\n\t\t\t\t<\/div>\n\t\t\t\t<div class=\"elementor-element elementor-element-4b400b6 elementor-align-justify elementor-widget elementor-widget-button\" data-id=\"4b400b6\" data-element_type=\"widget\" data-widget_type=\"button.default\">\n\t\t\t\t<div class=\"elementor-widget-container\">\n\t\t\t\t\t<div class=\"elementor-button-wrapper\">\n\t\t\t<a class=\"elementor-button elementor-button-link elementor-size-sm elementor-animation-grow\" href=\"https:\/\/goo.gl\/maps\/AGQTjJc9Xxjm1iuT6\">\n\t\t\t\t\t\t<span class=\"elementor-button-content-wrapper\">\n\t\t\t\t\t\t<span class=\"elementor-button-icon elementor-align-icon-left\">\n\t\t\t\t<i aria-hidden=\"true\" class=\"far fa-building\"><\/i>\t\t\t<\/span>\n\t\t\t\t\t\t<span class=\"elementor-button-text\">VISITA NUESTRAS OFICINAS<\/span>\n\t\t<\/span>\n\t\t\t\t\t<\/a>\n\t\t<\/div>\n\t\t\t\t<\/div>\n\t\t\t\t<\/div>\n\t\t\t\t\t\t<\/div>\n\t\t\t\t\t<\/div>\n\t\t<\/div>\n\t\t\t\t\t\t\t\t<\/div>\n\t\t\t\t\t<\/div>\n\t\t<\/section>\n\t\t\t\t\t\t\t\t\t<\/div>\n\t\t\t<\/div>\n\t\t\t\t\t<\/div>","protected":false},"excerpt":{"rendered":"<p>\u00c1ngel Bar\u00f3n Medrano Seguridad ESCR\u00cdBEME POR WHATSAPP LL\u00c1MAME contacto@msagros.com.mx VISITA NUESTRO SITIO WEB VISITA NUESTRAS OFICINAS<\/p>","protected":false},"author":5,"featured_media":0,"parent":0,"menu_order":0,"comment_status":"closed","ping_status":"closed","template":"elementor_canvas","meta":{"footnotes":""},"folder":[38],"class_list":["post-9065","page","type-page","status-publish","hentry","wpbf-post"],"aioseo_notices":[],"_links":{"self":[{"href":"https:\/\/msagros.com.mx\/en\/wp-json\/wp\/v2\/pages\/9065","targetHints":{"allow":["GET"]}}],"collection":[{"href":"https:\/\/msagros.com.mx\/en\/wp-json\/wp\/v2\/pages"}],"about":[{"href":"https:\/\/msagros.com.mx\/en\/wp-json\/wp\/v2\/types\/page"}],"author":[{"embeddable":true,"href":"https:\/\/msagros.com.mx\/en\/wp-json\/wp\/v2\/users\/5"}],"replies":[{"embeddable":true,"href":"https:\/\/msagros.com.mx\/en\/wp-json\/wp\/v2\/comments?post=9065"}],"version-history":[{"count":0,"href":"https:\/\/msagros.com.mx\/en\/wp-json\/wp\/v2\/pages\/9065\/revisions"}],"wp:attachment":[{"href":"https:\/\/msagros.com.mx\/en\/wp-json\/wp\/v2\/media?parent=9065"}],"wp:term":[{"taxonomy":"folder","embeddable":true,"href":"https:\/\/msagros.com.mx\/en\/wp-json\/wp\/v2\/folder?post=9065"}],"curies":[{"name":"wp","href":"https:\/\/api.w.org\/{rel}","templated":true}]}}