{"id":7869,"date":"2023-10-19T18:53:40","date_gmt":"2023-10-19T18:53:40","guid":{"rendered":"https:\/\/msagros.com.mx\/?page_id=7869"},"modified":"2023-10-19T18:54:16","modified_gmt":"2023-10-19T18:54:16","slug":"tp-michel-ortega","status":"publish","type":"page","link":"https:\/\/msagros.com.mx\/en\/tp-michel-ortega\/","title":{"rendered":"TP Michel Ortega"},"content":{"rendered":"<div data-elementor-type=\"wp-page\" data-elementor-id=\"7869\" class=\"elementor elementor-7869\">\n\t\t\t\t\t\t<div class=\"elementor-inner\">\n\t\t\t\t<div class=\"elementor-section-wrap\">\n\t\t\t\t\t\t\t\t\t<section class=\"elementor-section elementor-top-section elementor-element elementor-element-2de9c055 elementor-section-boxed elementor-section-height-default elementor-section-height-default\" data-id=\"2de9c055\" data-element_type=\"section\" data-settings=\"{&quot;background_background&quot;:&quot;slideshow&quot;,&quot;background_slideshow_gallery&quot;:[{&quot;id&quot;:3227,&quot;url&quot;:&quot;http:\\\/\\\/msagros.com.mx\\\/wp-content\\\/uploads\\\/2021\\\/07\\\/IMG_20160706_125008574-scaled-1.png&quot;},{&quot;id&quot;:1898,&quot;url&quot;:&quot;http:\\\/\\\/msagros.com.mx\\\/wp-content\\\/uploads\\\/2021\\\/02\\\/VEGETAL-OIL_BANNER.jpg&quot;},{&quot;id&quot;:1881,&quot;url&quot;:&quot;http:\\\/\\\/msagros.com.mx\\\/wp-content\\\/uploads\\\/2021\\\/02\\\/coadyuvantes.jpg&quot;},{&quot;id&quot;:1873,&quot;url&quot;:&quot;http:\\\/\\\/msagros.com.mx\\\/wp-content\\\/uploads\\\/2021\\\/02\\\/ACIDIX-PH_BANNER.png&quot;},{&quot;id&quot;:1686,&quot;url&quot;:&quot;http:\\\/\\\/msagros.com.mx\\\/wp-content\\\/uploads\\\/2021\\\/02\\\/KANSAS-8-24-10_BANNER.jpg&quot;},{&quot;id&quot;:1683,&quot;url&quot;:&quot;http:\\\/\\\/msagros.com.mx\\\/wp-content\\\/uploads\\\/2021\\\/02\\\/K-45_BANNER.jpg&quot;},{&quot;id&quot;:1644,&quot;url&quot;:&quot;http:\\\/\\\/msagros.com.mx\\\/wp-content\\\/uploads\\\/2021\\\/02\\\/FOSFI-MG_BANNER.jpg&quot;},{&quot;id&quot;:1653,&quot;url&quot;:&quot;http:\\\/\\\/msagros.com.mx\\\/wp-content\\\/uploads\\\/2021\\\/02\\\/FOSFI-Z_BANNER.jpg&quot;}],&quot;background_slideshow_transition_duration&quot;:800,&quot;background_slideshow_loop&quot;:&quot;yes&quot;,&quot;background_slideshow_slide_duration&quot;:5000,&quot;background_slideshow_slide_transition&quot;:&quot;fade&quot;}\">\n\t\t\t\t\t\t\t<div class=\"elementor-background-overlay\"><\/div>\n\t\t\t\t\t\t\t<div class=\"elementor-container elementor-column-gap-default\">\n\t\t\t\t\t\t\t<div class=\"elementor-row\">\n\t\t\t\t\t<div class=\"elementor-column elementor-col-100 elementor-top-column elementor-element elementor-element-294bf52c\" data-id=\"294bf52c\" data-element_type=\"column\">\n\t\t\t<div class=\"elementor-column-wrap elementor-element-populated\">\n\t\t\t\t\t\t\t<div class=\"elementor-widget-wrap\">\n\t\t\t\t\t\t<div class=\"elementor-element elementor-element-7bf8bcd8 elementor-widget elementor-widget-image\" data-id=\"7bf8bcd8\" data-element_type=\"widget\" data-widget_type=\"image.default\">\n\t\t\t\t<div class=\"elementor-widget-container\">\n\t\t\t\t\t\t\t\t<div class=\"elementor-image\">\n\t\t\t\t\t\t\t\t\t\t\t\t<img loading=\"lazy\" decoding=\"async\" width=\"226\" height=\"300\" data-src=\"https:\/\/msagros.com.mx\/wp-content\/uploads\/2023\/10\/WhatsApp-Image-2023-10-19-at-12.51.06-226x300.jpeg\" class=\"attachment-medium size-medium wp-image-7870 lazyload\" alt=\"\" data-srcset=\"https:\/\/msagros.com.mx\/wp-content\/uploads\/2023\/10\/WhatsApp-Image-2023-10-19-at-12.51.06-226x300.jpeg 226w, https:\/\/msagros.com.mx\/wp-content\/uploads\/2023\/10\/WhatsApp-Image-2023-10-19-at-12.51.06-771x1024.jpeg 771w, https:\/\/msagros.com.mx\/wp-content\/uploads\/2023\/10\/WhatsApp-Image-2023-10-19-at-12.51.06-768x1021.jpeg 768w, https:\/\/msagros.com.mx\/wp-content\/uploads\/2023\/10\/WhatsApp-Image-2023-10-19-at-12.51.06-1156x1536.jpeg 1156w, https:\/\/msagros.com.mx\/wp-content\/uploads\/2023\/10\/WhatsApp-Image-2023-10-19-at-12.51.06.jpeg 1204w\" data-sizes=\"auto, (max-width: 226px) 100vw, 226px\" src=\"data:image\/gif;base64,R0lGODlhAQABAAAAACH5BAEKAAEALAAAAAABAAEAAAICTAEAOw==\" style=\"--smush-placeholder-width: 226px; --smush-placeholder-aspect-ratio: 226\/300;\" \/><noscript><img loading=\"lazy\" decoding=\"async\" width=\"226\" height=\"300\" src=\"https:\/\/msagros.com.mx\/wp-content\/uploads\/2023\/10\/WhatsApp-Image-2023-10-19-at-12.51.06-226x300.jpeg\" class=\"attachment-medium size-medium wp-image-7870\" alt=\"\" srcset=\"https:\/\/msagros.com.mx\/wp-content\/uploads\/2023\/10\/WhatsApp-Image-2023-10-19-at-12.51.06-226x300.jpeg 226w, https:\/\/msagros.com.mx\/wp-content\/uploads\/2023\/10\/WhatsApp-Image-2023-10-19-at-12.51.06-771x1024.jpeg 771w, https:\/\/msagros.com.mx\/wp-content\/uploads\/2023\/10\/WhatsApp-Image-2023-10-19-at-12.51.06-768x1021.jpeg 768w, https:\/\/msagros.com.mx\/wp-content\/uploads\/2023\/10\/WhatsApp-Image-2023-10-19-at-12.51.06-1156x1536.jpeg 1156w, https:\/\/msagros.com.mx\/wp-content\/uploads\/2023\/10\/WhatsApp-Image-2023-10-19-at-12.51.06.jpeg 1204w\" sizes=\"auto, (max-width: 226px) 100vw, 226px\" \/><\/noscript>\t\t\t\t\t\t\t\t\t\t\t\t\t\t<\/div>\n\t\t\t\t\t\t<\/div>\n\t\t\t\t<\/div>\n\t\t\t\t<div class=\"elementor-element elementor-element-236090e2 elementor-widget elementor-widget-heading\" data-id=\"236090e2\" data-element_type=\"widget\" data-widget_type=\"heading.default\">\n\t\t\t\t<div class=\"elementor-widget-container\">\n\t\t\t<h2 class=\"elementor-heading-title elementor-size-default\">Ing. Michel Antonio Ortega Centeno<\/h2>\t\t<\/div>\n\t\t\t\t<\/div>\n\t\t\t\t<div class=\"elementor-element elementor-element-4b895eeb elementor-widget elementor-widget-heading\" data-id=\"4b895eeb\" data-element_type=\"widget\" data-widget_type=\"heading.default\">\n\t\t\t\t<div class=\"elementor-widget-container\">\n\t\t\t<h2 class=\"elementor-heading-title elementor-size-default\">Gerente de planta.<\/h2>\t\t<\/div>\n\t\t\t\t<\/div>\n\t\t\t\t\t\t<\/div>\n\t\t\t\t\t<\/div>\n\t\t<\/div>\n\t\t\t\t\t\t\t\t<\/div>\n\t\t\t\t\t<\/div>\n\t\t<\/section>\n\t\t\t\t<section class=\"elementor-section elementor-top-section elementor-element elementor-element-50f9f0b elementor-section-boxed elementor-section-height-default elementor-section-height-default\" data-id=\"50f9f0b\" data-element_type=\"section\">\n\t\t\t\t\t\t<div class=\"elementor-container elementor-column-gap-default\">\n\t\t\t\t\t\t\t<div class=\"elementor-row\">\n\t\t\t\t\t<div class=\"elementor-column elementor-col-100 elementor-top-column elementor-element elementor-element-2eed3130\" data-id=\"2eed3130\" data-element_type=\"column\">\n\t\t\t<div class=\"elementor-column-wrap elementor-element-populated\">\n\t\t\t\t\t\t\t<div class=\"elementor-widget-wrap\">\n\t\t\t\t\t\t<div class=\"elementor-element elementor-element-126f73fa elementor-widget-divider--view-line elementor-widget elementor-widget-divider\" data-id=\"126f73fa\" data-element_type=\"widget\" data-widget_type=\"divider.default\">\n\t\t\t\t<div class=\"elementor-widget-container\">\n\t\t\t\t\t<div class=\"elementor-divider\">\n\t\t\t<span class=\"elementor-divider-separator\">\n\t\t\t\t\t\t<\/span>\n\t\t<\/div>\n\t\t\t\t<\/div>\n\t\t\t\t<\/div>\n\t\t\t\t\t\t<\/div>\n\t\t\t\t\t<\/div>\n\t\t<\/div>\n\t\t\t\t\t\t\t\t<\/div>\n\t\t\t\t\t<\/div>\n\t\t<\/section>\n\t\t\t\t<section class=\"elementor-section elementor-top-section elementor-element elementor-element-46bee640 elementor-section-boxed elementor-section-height-default elementor-section-height-default\" data-id=\"46bee640\" data-element_type=\"section\">\n\t\t\t\t\t\t<div class=\"elementor-container elementor-column-gap-default\">\n\t\t\t\t\t\t\t<div class=\"elementor-row\">\n\t\t\t\t\t<div class=\"elementor-column elementor-col-100 elementor-top-column elementor-element elementor-element-7e81b19f\" data-id=\"7e81b19f\" data-element_type=\"column\">\n\t\t\t<div class=\"elementor-column-wrap elementor-element-populated\">\n\t\t\t\t\t\t\t<div class=\"elementor-widget-wrap\">\n\t\t\t\t\t\t<div class=\"elementor-element elementor-element-7a252849 elementor-align-justify elementor-mobile-align-justify elementor-widget elementor-widget-button\" data-id=\"7a252849\" data-element_type=\"widget\" data-widget_type=\"button.default\">\n\t\t\t\t<div class=\"elementor-widget-container\">\n\t\t\t\t\t<div class=\"elementor-button-wrapper\">\n\t\t\t<a class=\"elementor-button elementor-button-link elementor-size-sm elementor-animation-grow\" href=\"http:\/\/wa.link\/xffaux\">\n\t\t\t\t\t\t<span class=\"elementor-button-content-wrapper\">\n\t\t\t\t\t\t<span class=\"elementor-button-icon elementor-align-icon-left\">\n\t\t\t\t<i aria-hidden=\"true\" class=\"fab fa-whatsapp\"><\/i>\t\t\t<\/span>\n\t\t\t\t\t\t<span class=\"elementor-button-text\">ESCR\u00cdBEME POR WHATSAPP<\/span>\n\t\t<\/span>\n\t\t\t\t\t<\/a>\n\t\t<\/div>\n\t\t\t\t<\/div>\n\t\t\t\t<\/div>\n\t\t\t\t<div class=\"elementor-element elementor-element-61d69370 elementor-align-justify elementor-mobile-align-justify elementor-widget elementor-widget-button\" data-id=\"61d69370\" data-element_type=\"widget\" data-widget_type=\"button.default\">\n\t\t\t\t<div class=\"elementor-widget-container\">\n\t\t\t\t\t<div class=\"elementor-button-wrapper\">\n\t\t\t<a class=\"elementor-button elementor-button-link elementor-size-sm elementor-animation-grow\" href=\"tel:+52777%20259%202513\">\n\t\t\t\t\t\t<span class=\"elementor-button-content-wrapper\">\n\t\t\t\t\t\t<span class=\"elementor-button-icon elementor-align-icon-left\">\n\t\t\t\t<i aria-hidden=\"true\" class=\"fas fa-phone-alt\"><\/i>\t\t\t<\/span>\n\t\t\t\t\t\t<span class=\"elementor-button-text\">LL\u00c1MAME<\/span>\n\t\t<\/span>\n\t\t\t\t\t<\/a>\n\t\t<\/div>\n\t\t\t\t<\/div>\n\t\t\t\t<\/div>\n\t\t\t\t<div class=\"elementor-element elementor-element-7640b262 elementor-align-justify elementor-widget elementor-widget-button\" data-id=\"7640b262\" data-element_type=\"widget\" data-widget_type=\"button.default\">\n\t\t\t\t<div class=\"elementor-widget-container\">\n\t\t\t\t\t<div class=\"elementor-button-wrapper\">\n\t\t\t<a class=\"elementor-button elementor-size-sm\" role=\"button\">\n\t\t\t\t\t\t<span class=\"elementor-button-content-wrapper\">\n\t\t\t\t\t\t<span class=\"elementor-button-icon elementor-align-icon-left\">\n\t\t\t\t<i aria-hidden=\"true\" class=\"far fa-envelope\"><\/i>\t\t\t<\/span>\n\t\t\t\t\t\t<span class=\"elementor-button-text\">m.ortega@msagros.com.mx<\/span>\n\t\t<\/span>\n\t\t\t\t\t<\/a>\n\t\t<\/div>\n\t\t\t\t<\/div>\n\t\t\t\t<\/div>\n\t\t\t\t<div class=\"elementor-element elementor-element-6f9aa176 elementor-align-justify elementor-widget elementor-widget-button\" data-id=\"6f9aa176\" data-element_type=\"widget\" data-widget_type=\"button.default\">\n\t\t\t\t<div class=\"elementor-widget-container\">\n\t\t\t\t\t<div class=\"elementor-button-wrapper\">\n\t\t\t<a class=\"elementor-button elementor-button-link elementor-size-sm elementor-animation-grow\" href=\"https:\/\/msagros.com.mx\/en\/\">\n\t\t\t\t\t\t<span class=\"elementor-button-content-wrapper\">\n\t\t\t\t\t\t<span class=\"elementor-button-icon elementor-align-icon-left\">\n\t\t\t\t<i aria-hidden=\"true\" class=\"fas fa-globe\"><\/i>\t\t\t<\/span>\n\t\t\t\t\t\t<span class=\"elementor-button-text\">VISITA NUESTRO SITIO WEB<\/span>\n\t\t<\/span>\n\t\t\t\t\t<\/a>\n\t\t<\/div>\n\t\t\t\t<\/div>\n\t\t\t\t<\/div>\n\t\t\t\t<div class=\"elementor-element elementor-element-6d9ba0c1 elementor-align-justify elementor-widget elementor-widget-button\" data-id=\"6d9ba0c1\" data-element_type=\"widget\" data-widget_type=\"button.default\">\n\t\t\t\t<div class=\"elementor-widget-container\">\n\t\t\t\t\t<div class=\"elementor-button-wrapper\">\n\t\t\t<a class=\"elementor-button elementor-button-link elementor-size-sm elementor-animation-grow\" href=\"https:\/\/goo.gl\/maps\/AGQTjJc9Xxjm1iuT6\">\n\t\t\t\t\t\t<span class=\"elementor-button-content-wrapper\">\n\t\t\t\t\t\t<span class=\"elementor-button-icon elementor-align-icon-left\">\n\t\t\t\t<i aria-hidden=\"true\" class=\"far fa-building\"><\/i>\t\t\t<\/span>\n\t\t\t\t\t\t<span class=\"elementor-button-text\">VISITA NUESTRAS OFICINAS<\/span>\n\t\t<\/span>\n\t\t\t\t\t<\/a>\n\t\t<\/div>\n\t\t\t\t<\/div>\n\t\t\t\t<\/div>\n\t\t\t\t\t\t<\/div>\n\t\t\t\t\t<\/div>\n\t\t<\/div>\n\t\t\t\t\t\t\t\t<\/div>\n\t\t\t\t\t<\/div>\n\t\t<\/section>\n\t\t\t\t<section class=\"elementor-section elementor-top-section elementor-element elementor-element-32b9f11f elementor-section-boxed elementor-section-height-default elementor-section-height-default\" data-id=\"32b9f11f\" data-element_type=\"section\">\n\t\t\t\t\t\t<div class=\"elementor-container elementor-column-gap-default\">\n\t\t\t\t\t\t\t<div class=\"elementor-row\">\n\t\t\t\t\t<div class=\"elementor-column elementor-col-100 elementor-top-column elementor-element elementor-element-3e6ff221\" data-id=\"3e6ff221\" data-element_type=\"column\">\n\t\t\t<div class=\"elementor-column-wrap elementor-element-populated\">\n\t\t\t\t\t\t\t<div class=\"elementor-widget-wrap\">\n\t\t\t\t\t\t<div class=\"elementor-element elementor-element-5073e5df elementor-align-justify elementor-widget elementor-widget-button\" data-id=\"5073e5df\" data-element_type=\"widget\" data-widget_type=\"button.default\">\n\t\t\t\t<div class=\"elementor-widget-container\">\n\t\t\t\t\t<div class=\"elementor-button-wrapper\">\n\t\t\t<a class=\"elementor-button elementor-button-link elementor-size-sm elementor-animation-grow\" href=\"https:\/\/drive.google.com\/file\/d\/1go97JwkmT_845C7cf0NKTkrrD9OS_aeA\/view?usp=sharing\">\n\t\t\t\t\t\t<span class=\"elementor-button-content-wrapper\">\n\t\t\t\t\t\t<span class=\"elementor-button-icon elementor-align-icon-left\">\n\t\t\t\t<i aria-hidden=\"true\" class=\"far fa-user\"><\/i>\t\t\t<\/span>\n\t\t\t\t\t\t<span class=\"elementor-button-text\">DESCARGA MI CONTACTO EN TU TEL\u00c9FONO<\/span>\n\t\t<\/span>\n\t\t\t\t\t<\/a>\n\t\t<\/div>\n\t\t\t\t<\/div>\n\t\t\t\t<\/div>\n\t\t\t\t<div class=\"elementor-element elementor-element-2f61491c elementor-widget elementor-widget-heading\" data-id=\"2f61491c\" data-element_type=\"widget\" data-widget_type=\"heading.default\">\n\t\t\t\t<div class=\"elementor-widget-container\">\n\t\t\t<h2 class=\"elementor-heading-title elementor-size-default\">S\u00cdGUENOS EN NUESTRAS REDES SOCIALES<\/h2>\t\t<\/div>\n\t\t\t\t<\/div>\n\t\t\t\t<div class=\"elementor-element elementor-element-3842382c elementor-view-default elementor-widget elementor-widget-icon\" data-id=\"3842382c\" data-element_type=\"widget\" data-widget_type=\"icon.default\">\n\t\t\t\t<div class=\"elementor-widget-container\">\n\t\t\t\t\t<div class=\"elementor-icon-wrapper\">\n\t\t\t<a class=\"elementor-icon elementor-animation-grow\" href=\"https:\/\/www.instagram.com\/msagros\/\">\n\t\t\t<i aria-hidden=\"true\" class=\"fab fa-instagram\"><\/i>\t\t\t<\/a>\n\t\t<\/div>\n\t\t\t\t<\/div>\n\t\t\t\t<\/div>\n\t\t\t\t<div class=\"elementor-element elementor-element-49d2a350 elementor-view-default elementor-widget elementor-widget-icon\" data-id=\"49d2a350\" data-element_type=\"widget\" data-widget_type=\"icon.default\">\n\t\t\t\t<div class=\"elementor-widget-container\">\n\t\t\t\t\t<div class=\"elementor-icon-wrapper\">\n\t\t\t<a class=\"elementor-icon elementor-animation-grow\" href=\"https:\/\/www.facebook.com\/msagros\">\n\t\t\t<i aria-hidden=\"true\" class=\"fab fa-facebook\"><\/i>\t\t\t<\/a>\n\t\t<\/div>\n\t\t\t\t<\/div>\n\t\t\t\t<\/div>\n\t\t\t\t\t\t<\/div>\n\t\t\t\t\t<\/div>\n\t\t<\/div>\n\t\t\t\t\t\t\t\t<\/div>\n\t\t\t\t\t<\/div>\n\t\t<\/section>\n\t\t\t\t\t\t\t\t\t<\/div>\n\t\t\t<\/div>\n\t\t\t\t\t<\/div>","protected":false},"excerpt":{"rendered":"<p>Ing. Michel Antonio Ortega Centeno Gerente de planta. ESCR\u00cdBEME POR WHATSAPP LL\u00c1MAME m.ortega@msagros.com.mx VISITA NUESTRO SITIO WEB VISITA NUESTRAS OFICINAS DESCARGA MI CONTACTO EN TU TEL\u00c9FONO S\u00cdGUENOS EN NUESTRAS REDES SOCIALES<\/p>","protected":false},"author":2,"featured_media":0,"parent":0,"menu_order":0,"comment_status":"closed","ping_status":"closed","template":"elementor_canvas","meta":{"footnotes":""},"folder":[],"class_list":["post-7869","page","type-page","status-publish","hentry","wpbf-post"],"aioseo_notices":[],"_links":{"self":[{"href":"https:\/\/msagros.com.mx\/en\/wp-json\/wp\/v2\/pages\/7869","targetHints":{"allow":["GET"]}}],"collection":[{"href":"https:\/\/msagros.com.mx\/en\/wp-json\/wp\/v2\/pages"}],"about":[{"href":"https:\/\/msagros.com.mx\/en\/wp-json\/wp\/v2\/types\/page"}],"author":[{"embeddable":true,"href":"https:\/\/msagros.com.mx\/en\/wp-json\/wp\/v2\/users\/2"}],"replies":[{"embeddable":true,"href":"https:\/\/msagros.com.mx\/en\/wp-json\/wp\/v2\/comments?post=7869"}],"version-history":[{"count":0,"href":"https:\/\/msagros.com.mx\/en\/wp-json\/wp\/v2\/pages\/7869\/revisions"}],"wp:attachment":[{"href":"https:\/\/msagros.com.mx\/en\/wp-json\/wp\/v2\/media?parent=7869"}],"wp:term":[{"taxonomy":"folder","embeddable":true,"href":"https:\/\/msagros.com.mx\/en\/wp-json\/wp\/v2\/folder?post=7869"}],"curies":[{"name":"wp","href":"https:\/\/api.w.org\/{rel}","templated":true}]}}