{"id":7836,"date":"2023-10-05T21:42:27","date_gmt":"2023-10-05T21:42:27","guid":{"rendered":"https:\/\/msagros.com.mx\/?page_id=7836"},"modified":"2023-10-05T21:47:29","modified_gmt":"2023-10-05T21:47:29","slug":"tp-agustin","status":"publish","type":"page","link":"https:\/\/msagros.com.mx\/en\/tp-agustin\/","title":{"rendered":"TP Agust\u00edn"},"content":{"rendered":"<div data-elementor-type=\"wp-page\" data-elementor-id=\"7836\" class=\"elementor elementor-7836\">\n\t\t\t\t\t\t<div class=\"elementor-inner\">\n\t\t\t\t<div class=\"elementor-section-wrap\">\n\t\t\t\t\t\t\t\t\t<section class=\"elementor-section elementor-top-section elementor-element elementor-element-716c7d97 elementor-section-boxed elementor-section-height-default elementor-section-height-default\" data-id=\"716c7d97\" data-element_type=\"section\" data-settings=\"{&quot;background_background&quot;:&quot;slideshow&quot;,&quot;background_slideshow_gallery&quot;:[{&quot;id&quot;:3227,&quot;url&quot;:&quot;http:\\\/\\\/msagros.com.mx\\\/wp-content\\\/uploads\\\/2021\\\/07\\\/IMG_20160706_125008574-scaled-1.png&quot;},{&quot;id&quot;:1898,&quot;url&quot;:&quot;http:\\\/\\\/msagros.com.mx\\\/wp-content\\\/uploads\\\/2021\\\/02\\\/VEGETAL-OIL_BANNER.jpg&quot;},{&quot;id&quot;:1881,&quot;url&quot;:&quot;http:\\\/\\\/msagros.com.mx\\\/wp-content\\\/uploads\\\/2021\\\/02\\\/coadyuvantes.jpg&quot;},{&quot;id&quot;:1873,&quot;url&quot;:&quot;http:\\\/\\\/msagros.com.mx\\\/wp-content\\\/uploads\\\/2021\\\/02\\\/ACIDIX-PH_BANNER.png&quot;},{&quot;id&quot;:1686,&quot;url&quot;:&quot;http:\\\/\\\/msagros.com.mx\\\/wp-content\\\/uploads\\\/2021\\\/02\\\/KANSAS-8-24-10_BANNER.jpg&quot;},{&quot;id&quot;:1683,&quot;url&quot;:&quot;http:\\\/\\\/msagros.com.mx\\\/wp-content\\\/uploads\\\/2021\\\/02\\\/K-45_BANNER.jpg&quot;},{&quot;id&quot;:1644,&quot;url&quot;:&quot;http:\\\/\\\/msagros.com.mx\\\/wp-content\\\/uploads\\\/2021\\\/02\\\/FOSFI-MG_BANNER.jpg&quot;},{&quot;id&quot;:1653,&quot;url&quot;:&quot;http:\\\/\\\/msagros.com.mx\\\/wp-content\\\/uploads\\\/2021\\\/02\\\/FOSFI-Z_BANNER.jpg&quot;}],&quot;background_slideshow_transition_duration&quot;:800,&quot;background_slideshow_loop&quot;:&quot;yes&quot;,&quot;background_slideshow_slide_duration&quot;:5000,&quot;background_slideshow_slide_transition&quot;:&quot;fade&quot;}\">\n\t\t\t\t\t\t\t<div class=\"elementor-background-overlay\"><\/div>\n\t\t\t\t\t\t\t<div class=\"elementor-container elementor-column-gap-default\">\n\t\t\t\t\t\t\t<div class=\"elementor-row\">\n\t\t\t\t\t<div class=\"elementor-column elementor-col-100 elementor-top-column elementor-element elementor-element-a0f691e\" data-id=\"a0f691e\" data-element_type=\"column\">\n\t\t\t<div class=\"elementor-column-wrap elementor-element-populated\">\n\t\t\t\t\t\t\t<div class=\"elementor-widget-wrap\">\n\t\t\t\t\t\t<div class=\"elementor-element elementor-element-5304cc3d elementor-widget elementor-widget-image\" data-id=\"5304cc3d\" data-element_type=\"widget\" data-widget_type=\"image.default\">\n\t\t\t\t<div class=\"elementor-widget-container\">\n\t\t\t\t\t\t\t\t<div class=\"elementor-image\">\n\t\t\t\t\t\t\t\t\t\t\t\t<img loading=\"lazy\" decoding=\"async\" width=\"300\" height=\"300\" data-src=\"https:\/\/msagros.com.mx\/wp-content\/uploads\/2023\/03\/MS-AGROS_LOGO_ORIGINAL-300x300.png\" class=\"attachment-medium size-medium wp-image-6772 lazyload\" alt=\"\" data-srcset=\"https:\/\/msagros.com.mx\/wp-content\/uploads\/2023\/03\/MS-AGROS_LOGO_ORIGINAL-300x300.png 300w, https:\/\/msagros.com.mx\/wp-content\/uploads\/2023\/03\/MS-AGROS_LOGO_ORIGINAL-1024x1024.png 1024w, https:\/\/msagros.com.mx\/wp-content\/uploads\/2023\/03\/MS-AGROS_LOGO_ORIGINAL-150x150.png 150w, https:\/\/msagros.com.mx\/wp-content\/uploads\/2023\/03\/MS-AGROS_LOGO_ORIGINAL-768x768.png 768w, https:\/\/msagros.com.mx\/wp-content\/uploads\/2023\/03\/MS-AGROS_LOGO_ORIGINAL-1536x1536.png 1536w, https:\/\/msagros.com.mx\/wp-content\/uploads\/2023\/03\/MS-AGROS_LOGO_ORIGINAL.png 1772w\" data-sizes=\"auto, (max-width: 300px) 100vw, 300px\" src=\"data:image\/gif;base64,R0lGODlhAQABAAAAACH5BAEKAAEALAAAAAABAAEAAAICTAEAOw==\" style=\"--smush-placeholder-width: 300px; --smush-placeholder-aspect-ratio: 300\/300;\" \/><noscript><img loading=\"lazy\" decoding=\"async\" width=\"300\" height=\"300\" src=\"https:\/\/msagros.com.mx\/wp-content\/uploads\/2023\/03\/MS-AGROS_LOGO_ORIGINAL-300x300.png\" class=\"attachment-medium size-medium wp-image-6772\" alt=\"\" srcset=\"https:\/\/msagros.com.mx\/wp-content\/uploads\/2023\/03\/MS-AGROS_LOGO_ORIGINAL-300x300.png 300w, https:\/\/msagros.com.mx\/wp-content\/uploads\/2023\/03\/MS-AGROS_LOGO_ORIGINAL-1024x1024.png 1024w, https:\/\/msagros.com.mx\/wp-content\/uploads\/2023\/03\/MS-AGROS_LOGO_ORIGINAL-150x150.png 150w, https:\/\/msagros.com.mx\/wp-content\/uploads\/2023\/03\/MS-AGROS_LOGO_ORIGINAL-768x768.png 768w, https:\/\/msagros.com.mx\/wp-content\/uploads\/2023\/03\/MS-AGROS_LOGO_ORIGINAL-1536x1536.png 1536w, https:\/\/msagros.com.mx\/wp-content\/uploads\/2023\/03\/MS-AGROS_LOGO_ORIGINAL.png 1772w\" sizes=\"auto, (max-width: 300px) 100vw, 300px\" \/><\/noscript>\t\t\t\t\t\t\t\t\t\t\t\t\t\t<\/div>\n\t\t\t\t\t\t<\/div>\n\t\t\t\t<\/div>\n\t\t\t\t<div class=\"elementor-element elementor-element-5fee939b elementor-widget elementor-widget-heading\" data-id=\"5fee939b\" data-element_type=\"widget\" data-widget_type=\"heading.default\">\n\t\t\t\t<div class=\"elementor-widget-container\">\n\t\t\t<h2 class=\"elementor-heading-title elementor-size-default\">Ing. Agust\u00edn Carrillo Onchi <\/h2>\t\t<\/div>\n\t\t\t\t<\/div>\n\t\t\t\t<div class=\"elementor-element elementor-element-7e4865bd elementor-widget elementor-widget-heading\" data-id=\"7e4865bd\" data-element_type=\"widget\" data-widget_type=\"heading.default\">\n\t\t\t\t<div class=\"elementor-widget-container\">\n\t\t\t<h2 class=\"elementor-heading-title elementor-size-default\">Representante de ventas en Michoac\u00e1n y Jalisco<\/h2>\t\t<\/div>\n\t\t\t\t<\/div>\n\t\t\t\t\t\t<\/div>\n\t\t\t\t\t<\/div>\n\t\t<\/div>\n\t\t\t\t\t\t\t\t<\/div>\n\t\t\t\t\t<\/div>\n\t\t<\/section>\n\t\t\t\t<section class=\"elementor-section elementor-top-section elementor-element elementor-element-742ab6 elementor-section-boxed elementor-section-height-default elementor-section-height-default\" data-id=\"742ab6\" data-element_type=\"section\">\n\t\t\t\t\t\t<div class=\"elementor-container elementor-column-gap-default\">\n\t\t\t\t\t\t\t<div class=\"elementor-row\">\n\t\t\t\t\t<div class=\"elementor-column elementor-col-100 elementor-top-column elementor-element elementor-element-44da63f6\" data-id=\"44da63f6\" data-element_type=\"column\">\n\t\t\t<div class=\"elementor-column-wrap elementor-element-populated\">\n\t\t\t\t\t\t\t<div class=\"elementor-widget-wrap\">\n\t\t\t\t\t\t<div class=\"elementor-element elementor-element-2631a48f elementor-widget-divider--view-line elementor-widget elementor-widget-divider\" data-id=\"2631a48f\" data-element_type=\"widget\" data-widget_type=\"divider.default\">\n\t\t\t\t<div class=\"elementor-widget-container\">\n\t\t\t\t\t<div class=\"elementor-divider\">\n\t\t\t<span class=\"elementor-divider-separator\">\n\t\t\t\t\t\t<\/span>\n\t\t<\/div>\n\t\t\t\t<\/div>\n\t\t\t\t<\/div>\n\t\t\t\t\t\t<\/div>\n\t\t\t\t\t<\/div>\n\t\t<\/div>\n\t\t\t\t\t\t\t\t<\/div>\n\t\t\t\t\t<\/div>\n\t\t<\/section>\n\t\t\t\t<section class=\"elementor-section elementor-top-section elementor-element elementor-element-49eb22fd elementor-section-boxed elementor-section-height-default elementor-section-height-default\" data-id=\"49eb22fd\" data-element_type=\"section\">\n\t\t\t\t\t\t<div class=\"elementor-container elementor-column-gap-default\">\n\t\t\t\t\t\t\t<div class=\"elementor-row\">\n\t\t\t\t\t<div class=\"elementor-column elementor-col-100 elementor-top-column elementor-element elementor-element-32b31b73\" data-id=\"32b31b73\" data-element_type=\"column\">\n\t\t\t<div class=\"elementor-column-wrap elementor-element-populated\">\n\t\t\t\t\t\t\t<div class=\"elementor-widget-wrap\">\n\t\t\t\t\t\t<div class=\"elementor-element elementor-element-6fc85d73 elementor-align-justify elementor-mobile-align-justify elementor-widget elementor-widget-button\" data-id=\"6fc85d73\" data-element_type=\"widget\" data-widget_type=\"button.default\">\n\t\t\t\t<div class=\"elementor-widget-container\">\n\t\t\t\t\t<div class=\"elementor-button-wrapper\">\n\t\t\t<a class=\"elementor-button elementor-button-link elementor-size-sm elementor-animation-grow\" href=\"https:\/\/wa.link\/dp9u7h\">\n\t\t\t\t\t\t<span class=\"elementor-button-content-wrapper\">\n\t\t\t\t\t\t<span class=\"elementor-button-icon elementor-align-icon-left\">\n\t\t\t\t<i aria-hidden=\"true\" class=\"fab fa-whatsapp\"><\/i>\t\t\t<\/span>\n\t\t\t\t\t\t<span class=\"elementor-button-text\">ESCR\u00cdBEME POR WHATSAPP<\/span>\n\t\t<\/span>\n\t\t\t\t\t<\/a>\n\t\t<\/div>\n\t\t\t\t<\/div>\n\t\t\t\t<\/div>\n\t\t\t\t<div class=\"elementor-element elementor-element-21212d89 elementor-align-justify elementor-mobile-align-justify elementor-widget elementor-widget-button\" data-id=\"21212d89\" data-element_type=\"widget\" data-widget_type=\"button.default\">\n\t\t\t\t<div class=\"elementor-widget-container\">\n\t\t\t\t\t<div class=\"elementor-button-wrapper\">\n\t\t\t<a class=\"elementor-button elementor-button-link elementor-size-sm elementor-animation-grow\" href=\"tel:+52351%20118%208708\">\n\t\t\t\t\t\t<span class=\"elementor-button-content-wrapper\">\n\t\t\t\t\t\t<span class=\"elementor-button-icon elementor-align-icon-left\">\n\t\t\t\t<i aria-hidden=\"true\" class=\"fas fa-phone-alt\"><\/i>\t\t\t<\/span>\n\t\t\t\t\t\t<span class=\"elementor-button-text\">LL\u00c1MAME<\/span>\n\t\t<\/span>\n\t\t\t\t\t<\/a>\n\t\t<\/div>\n\t\t\t\t<\/div>\n\t\t\t\t<\/div>\n\t\t\t\t<div class=\"elementor-element elementor-element-1dfaedfc elementor-align-justify elementor-widget elementor-widget-button\" data-id=\"1dfaedfc\" data-element_type=\"widget\" data-widget_type=\"button.default\">\n\t\t\t\t<div class=\"elementor-widget-container\">\n\t\t\t\t\t<div class=\"elementor-button-wrapper\">\n\t\t\t<a class=\"elementor-button elementor-size-sm\" role=\"button\">\n\t\t\t\t\t\t<span class=\"elementor-button-content-wrapper\">\n\t\t\t\t\t\t<span class=\"elementor-button-icon elementor-align-icon-left\">\n\t\t\t\t<i aria-hidden=\"true\" class=\"far fa-envelope\"><\/i>\t\t\t<\/span>\n\t\t\t\t\t\t<span class=\"elementor-button-text\">a.carrillo@msagros.con.mx<\/span>\n\t\t<\/span>\n\t\t\t\t\t<\/a>\n\t\t<\/div>\n\t\t\t\t<\/div>\n\t\t\t\t<\/div>\n\t\t\t\t<div class=\"elementor-element elementor-element-5b99eb4e elementor-align-justify elementor-widget elementor-widget-button\" data-id=\"5b99eb4e\" data-element_type=\"widget\" data-widget_type=\"button.default\">\n\t\t\t\t<div class=\"elementor-widget-container\">\n\t\t\t\t\t<div class=\"elementor-button-wrapper\">\n\t\t\t<a class=\"elementor-button elementor-button-link elementor-size-sm elementor-animation-grow\" href=\"https:\/\/msagros.com.mx\/en\/\">\n\t\t\t\t\t\t<span class=\"elementor-button-content-wrapper\">\n\t\t\t\t\t\t<span class=\"elementor-button-icon elementor-align-icon-left\">\n\t\t\t\t<i aria-hidden=\"true\" class=\"fas fa-globe\"><\/i>\t\t\t<\/span>\n\t\t\t\t\t\t<span class=\"elementor-button-text\">VISITA NUESTRO SITIO WEB<\/span>\n\t\t<\/span>\n\t\t\t\t\t<\/a>\n\t\t<\/div>\n\t\t\t\t<\/div>\n\t\t\t\t<\/div>\n\t\t\t\t<div class=\"elementor-element elementor-element-32677bb7 elementor-align-justify elementor-widget elementor-widget-button\" data-id=\"32677bb7\" data-element_type=\"widget\" data-widget_type=\"button.default\">\n\t\t\t\t<div class=\"elementor-widget-container\">\n\t\t\t\t\t<div class=\"elementor-button-wrapper\">\n\t\t\t<a class=\"elementor-button elementor-button-link elementor-size-sm elementor-animation-grow\" href=\"https:\/\/goo.gl\/maps\/AGQTjJc9Xxjm1iuT6\">\n\t\t\t\t\t\t<span class=\"elementor-button-content-wrapper\">\n\t\t\t\t\t\t<span class=\"elementor-button-icon elementor-align-icon-left\">\n\t\t\t\t<i aria-hidden=\"true\" class=\"far fa-building\"><\/i>\t\t\t<\/span>\n\t\t\t\t\t\t<span class=\"elementor-button-text\">VISITA NUESTRAS OFICINAS<\/span>\n\t\t<\/span>\n\t\t\t\t\t<\/a>\n\t\t<\/div>\n\t\t\t\t<\/div>\n\t\t\t\t<\/div>\n\t\t\t\t\t\t<\/div>\n\t\t\t\t\t<\/div>\n\t\t<\/div>\n\t\t\t\t\t\t\t\t<\/div>\n\t\t\t\t\t<\/div>\n\t\t<\/section>\n\t\t\t\t<section class=\"elementor-section elementor-top-section elementor-element elementor-element-234e01b3 elementor-section-boxed elementor-section-height-default elementor-section-height-default\" data-id=\"234e01b3\" data-element_type=\"section\">\n\t\t\t\t\t\t<div class=\"elementor-container elementor-column-gap-default\">\n\t\t\t\t\t\t\t<div class=\"elementor-row\">\n\t\t\t\t\t<div class=\"elementor-column elementor-col-100 elementor-top-column elementor-element elementor-element-59746d5f\" data-id=\"59746d5f\" data-element_type=\"column\">\n\t\t\t<div class=\"elementor-column-wrap elementor-element-populated\">\n\t\t\t\t\t\t\t<div class=\"elementor-widget-wrap\">\n\t\t\t\t\t\t<div class=\"elementor-element elementor-element-61434950 elementor-align-justify elementor-widget elementor-widget-button\" data-id=\"61434950\" data-element_type=\"widget\" data-widget_type=\"button.default\">\n\t\t\t\t<div class=\"elementor-widget-container\">\n\t\t\t\t\t<div class=\"elementor-button-wrapper\">\n\t\t\t<a class=\"elementor-button elementor-button-link elementor-size-sm elementor-animation-grow\" href=\"https:\/\/drive.google.com\/file\/d\/1p2k4csCW-QCRXSrqsySIpC_KDeKhfrG-\/view?usp=sharing\">\n\t\t\t\t\t\t<span class=\"elementor-button-content-wrapper\">\n\t\t\t\t\t\t<span class=\"elementor-button-icon elementor-align-icon-left\">\n\t\t\t\t<i aria-hidden=\"true\" class=\"far fa-user\"><\/i>\t\t\t<\/span>\n\t\t\t\t\t\t<span class=\"elementor-button-text\">DESCARGA MI CONTACTO EN TU TEL\u00c9FONO<\/span>\n\t\t<\/span>\n\t\t\t\t\t<\/a>\n\t\t<\/div>\n\t\t\t\t<\/div>\n\t\t\t\t<\/div>\n\t\t\t\t<div class=\"elementor-element elementor-element-63dfcd40 elementor-widget elementor-widget-heading\" data-id=\"63dfcd40\" data-element_type=\"widget\" data-widget_type=\"heading.default\">\n\t\t\t\t<div class=\"elementor-widget-container\">\n\t\t\t<h2 class=\"elementor-heading-title elementor-size-default\">S\u00cdGUENOS EN NUESTRAS REDES SOCIALES<\/h2>\t\t<\/div>\n\t\t\t\t<\/div>\n\t\t\t\t<div class=\"elementor-element elementor-element-d4fd319 elementor-view-default elementor-widget elementor-widget-icon\" data-id=\"d4fd319\" data-element_type=\"widget\" data-widget_type=\"icon.default\">\n\t\t\t\t<div class=\"elementor-widget-container\">\n\t\t\t\t\t<div class=\"elementor-icon-wrapper\">\n\t\t\t<a class=\"elementor-icon elementor-animation-grow\" href=\"https:\/\/www.instagram.com\/msagros\/\">\n\t\t\t<i aria-hidden=\"true\" class=\"fab fa-instagram\"><\/i>\t\t\t<\/a>\n\t\t<\/div>\n\t\t\t\t<\/div>\n\t\t\t\t<\/div>\n\t\t\t\t<div class=\"elementor-element elementor-element-3a13fc44 elementor-view-default elementor-widget elementor-widget-icon\" data-id=\"3a13fc44\" data-element_type=\"widget\" data-widget_type=\"icon.default\">\n\t\t\t\t<div class=\"elementor-widget-container\">\n\t\t\t\t\t<div class=\"elementor-icon-wrapper\">\n\t\t\t<a class=\"elementor-icon elementor-animation-grow\" href=\"https:\/\/www.facebook.com\/msagros\">\n\t\t\t<i aria-hidden=\"true\" class=\"fab fa-facebook\"><\/i>\t\t\t<\/a>\n\t\t<\/div>\n\t\t\t\t<\/div>\n\t\t\t\t<\/div>\n\t\t\t\t\t\t<\/div>\n\t\t\t\t\t<\/div>\n\t\t<\/div>\n\t\t\t\t\t\t\t\t<\/div>\n\t\t\t\t\t<\/div>\n\t\t<\/section>\n\t\t\t\t\t\t\t\t\t<\/div>\n\t\t\t<\/div>\n\t\t\t\t\t<\/div>","protected":false},"excerpt":{"rendered":"<p>Ing. Agust\u00edn Carrillo Onchi Representante de ventas en Michoac\u00e1n y Jalisco ESCR\u00cdBEME POR WHATSAPP LL\u00c1MAME a.carrillo@msagros.con.mx VISITA NUESTRO SITIO WEB VISITA NUESTRAS OFICINAS DESCARGA MI CONTACTO EN TU TEL\u00c9FONO S\u00cdGUENOS EN NUESTRAS REDES SOCIALES<\/p>","protected":false},"author":2,"featured_media":0,"parent":0,"menu_order":0,"comment_status":"closed","ping_status":"closed","template":"elementor_canvas","meta":{"footnotes":""},"folder":[],"class_list":["post-7836","page","type-page","status-publish","hentry","wpbf-post"],"aioseo_notices":[],"_links":{"self":[{"href":"https:\/\/msagros.com.mx\/en\/wp-json\/wp\/v2\/pages\/7836","targetHints":{"allow":["GET"]}}],"collection":[{"href":"https:\/\/msagros.com.mx\/en\/wp-json\/wp\/v2\/pages"}],"about":[{"href":"https:\/\/msagros.com.mx\/en\/wp-json\/wp\/v2\/types\/page"}],"author":[{"embeddable":true,"href":"https:\/\/msagros.com.mx\/en\/wp-json\/wp\/v2\/users\/2"}],"replies":[{"embeddable":true,"href":"https:\/\/msagros.com.mx\/en\/wp-json\/wp\/v2\/comments?post=7836"}],"version-history":[{"count":0,"href":"https:\/\/msagros.com.mx\/en\/wp-json\/wp\/v2\/pages\/7836\/revisions"}],"wp:attachment":[{"href":"https:\/\/msagros.com.mx\/en\/wp-json\/wp\/v2\/media?parent=7836"}],"wp:term":[{"taxonomy":"folder","embeddable":true,"href":"https:\/\/msagros.com.mx\/en\/wp-json\/wp\/v2\/folder?post=7836"}],"curies":[{"name":"wp","href":"https:\/\/api.w.org\/{rel}","templated":true}]}}