{"id":5373,"date":"2022-08-16T19:44:31","date_gmt":"2022-08-16T19:44:31","guid":{"rendered":"https:\/\/msagros.com.mx\/?page_id=5373"},"modified":"2025-02-05T13:12:57","modified_gmt":"2025-02-05T19:12:57","slug":"america-ortega","status":"publish","type":"page","link":"https:\/\/msagros.com.mx\/en\/america-ortega\/","title":{"rendered":"TP America Ortega"},"content":{"rendered":"<div data-elementor-type=\"wp-page\" data-elementor-id=\"5373\" class=\"elementor elementor-5373\">\n\t\t\t\t\t\t<div class=\"elementor-inner\">\n\t\t\t\t<div class=\"elementor-section-wrap\">\n\t\t\t\t\t\t\t\t\t<section class=\"elementor-section elementor-top-section elementor-element elementor-element-affdee7 elementor-section-boxed elementor-section-height-default elementor-section-height-default\" data-id=\"affdee7\" data-element_type=\"section\">\n\t\t\t\t\t\t<div class=\"elementor-container elementor-column-gap-default\">\n\t\t\t\t\t\t\t<div class=\"elementor-row\">\n\t\t\t\t\t<div class=\"elementor-column elementor-col-100 elementor-top-column elementor-element elementor-element-0d820f0\" data-id=\"0d820f0\" data-element_type=\"column\">\n\t\t\t<div class=\"elementor-column-wrap elementor-element-populated\">\n\t\t\t\t\t\t\t<div class=\"elementor-widget-wrap\">\n\t\t\t\t\t\t<div class=\"elementor-element elementor-element-83fde66 elementor-widget-divider--view-line elementor-widget elementor-widget-divider\" data-id=\"83fde66\" data-element_type=\"widget\" data-widget_type=\"divider.default\">\n\t\t\t\t<div class=\"elementor-widget-container\">\n\t\t\t\t\t<div class=\"elementor-divider\">\n\t\t\t<span class=\"elementor-divider-separator\">\n\t\t\t\t\t\t<\/span>\n\t\t<\/div>\n\t\t\t\t<\/div>\n\t\t\t\t<\/div>\n\t\t\t\t\t\t<\/div>\n\t\t\t\t\t<\/div>\n\t\t<\/div>\n\t\t\t\t\t\t\t\t<\/div>\n\t\t\t\t\t<\/div>\n\t\t<\/section>\n\t\t\t\t<section class=\"elementor-section elementor-top-section elementor-element elementor-element-ac4dd19 elementor-section-boxed elementor-section-height-default elementor-section-height-default\" data-id=\"ac4dd19\" data-element_type=\"section\" data-settings=\"{&quot;background_background&quot;:&quot;slideshow&quot;,&quot;background_slideshow_gallery&quot;:[{&quot;id&quot;:3227,&quot;url&quot;:&quot;http:\\\/\\\/msagros.com.mx\\\/wp-content\\\/uploads\\\/2021\\\/07\\\/IMG_20160706_125008574-scaled-1.png&quot;},{&quot;id&quot;:1898,&quot;url&quot;:&quot;http:\\\/\\\/msagros.com.mx\\\/wp-content\\\/uploads\\\/2021\\\/02\\\/VEGETAL-OIL_BANNER.jpg&quot;},{&quot;id&quot;:1881,&quot;url&quot;:&quot;http:\\\/\\\/msagros.com.mx\\\/wp-content\\\/uploads\\\/2021\\\/02\\\/coadyuvantes.jpg&quot;},{&quot;id&quot;:1873,&quot;url&quot;:&quot;http:\\\/\\\/msagros.com.mx\\\/wp-content\\\/uploads\\\/2021\\\/02\\\/ACIDIX-PH_BANNER.png&quot;},{&quot;id&quot;:1686,&quot;url&quot;:&quot;http:\\\/\\\/msagros.com.mx\\\/wp-content\\\/uploads\\\/2021\\\/02\\\/KANSAS-8-24-10_BANNER.jpg&quot;},{&quot;id&quot;:1683,&quot;url&quot;:&quot;http:\\\/\\\/msagros.com.mx\\\/wp-content\\\/uploads\\\/2021\\\/02\\\/K-45_BANNER.jpg&quot;},{&quot;id&quot;:1644,&quot;url&quot;:&quot;http:\\\/\\\/msagros.com.mx\\\/wp-content\\\/uploads\\\/2021\\\/02\\\/FOSFI-MG_BANNER.jpg&quot;},{&quot;id&quot;:1653,&quot;url&quot;:&quot;http:\\\/\\\/msagros.com.mx\\\/wp-content\\\/uploads\\\/2021\\\/02\\\/FOSFI-Z_BANNER.jpg&quot;}],&quot;background_slideshow_transition_duration&quot;:800,&quot;background_slideshow_loop&quot;:&quot;yes&quot;,&quot;background_slideshow_slide_duration&quot;:5000,&quot;background_slideshow_slide_transition&quot;:&quot;fade&quot;}\">\n\t\t\t\t\t\t\t<div class=\"elementor-background-overlay\"><\/div>\n\t\t\t\t\t\t\t<div class=\"elementor-container elementor-column-gap-default\">\n\t\t\t\t\t\t\t<div class=\"elementor-row\">\n\t\t\t\t\t<div class=\"elementor-column elementor-col-100 elementor-top-column elementor-element elementor-element-6140ef3\" data-id=\"6140ef3\" data-element_type=\"column\">\n\t\t\t<div class=\"elementor-column-wrap elementor-element-populated\">\n\t\t\t\t\t\t\t<div class=\"elementor-widget-wrap\">\n\t\t\t\t\t\t<div class=\"elementor-element elementor-element-a4b14f0 elementor-widget elementor-widget-image\" data-id=\"a4b14f0\" data-element_type=\"widget\" data-widget_type=\"image.default\">\n\t\t\t\t<div class=\"elementor-widget-container\">\n\t\t\t\t\t\t\t\t<div class=\"elementor-image\">\n\t\t\t\t\t\t\t\t\t\t\t\t<img loading=\"lazy\" decoding=\"async\" width=\"163\" height=\"163\" data-src=\"https:\/\/msagros.com.mx\/wp-content\/uploads\/2022\/08\/FOTOS-circulares_America-ortega-gomez.png\" class=\"attachment-medium_large size-medium_large wp-image-5209 lazyload\" alt=\"\" data-srcset=\"https:\/\/msagros.com.mx\/wp-content\/uploads\/2022\/08\/FOTOS-circulares_America-ortega-gomez.png 163w, https:\/\/msagros.com.mx\/wp-content\/uploads\/2022\/08\/FOTOS-circulares_America-ortega-gomez-150x150.png 150w\" data-sizes=\"auto, (max-width: 163px) 100vw, 163px\" src=\"data:image\/gif;base64,R0lGODlhAQABAAAAACH5BAEKAAEALAAAAAABAAEAAAICTAEAOw==\" style=\"--smush-placeholder-width: 163px; --smush-placeholder-aspect-ratio: 163\/163;\" \/><noscript><img loading=\"lazy\" decoding=\"async\" width=\"163\" height=\"163\" src=\"https:\/\/msagros.com.mx\/wp-content\/uploads\/2022\/08\/FOTOS-circulares_America-ortega-gomez.png\" class=\"attachment-medium_large size-medium_large wp-image-5209\" alt=\"\" srcset=\"https:\/\/msagros.com.mx\/wp-content\/uploads\/2022\/08\/FOTOS-circulares_America-ortega-gomez.png 163w, https:\/\/msagros.com.mx\/wp-content\/uploads\/2022\/08\/FOTOS-circulares_America-ortega-gomez-150x150.png 150w\" sizes=\"auto, (max-width: 163px) 100vw, 163px\" \/><\/noscript>\t\t\t\t\t\t\t\t\t\t\t\t\t\t<\/div>\n\t\t\t\t\t\t<\/div>\n\t\t\t\t<\/div>\n\t\t\t\t<div class=\"elementor-element elementor-element-2119e38 elementor-widget elementor-widget-heading\" data-id=\"2119e38\" data-element_type=\"widget\" data-widget_type=\"heading.default\">\n\t\t\t\t<div class=\"elementor-widget-container\">\n\t\t\t<h2 class=\"elementor-heading-title elementor-size-default\">C.P. America Ortega Gomez <\/h2>\t\t<\/div>\n\t\t\t\t<\/div>\n\t\t\t\t<div class=\"elementor-element elementor-element-a655e13 elementor-widget elementor-widget-heading\" data-id=\"a655e13\" data-element_type=\"widget\" data-widget_type=\"heading.default\">\n\t\t\t\t<div class=\"elementor-widget-container\">\n\t\t\t<h2 class=\"elementor-heading-title elementor-size-default\">Contador<br><br><\/h2>\t\t<\/div>\n\t\t\t\t<\/div>\n\t\t\t\t\t\t<\/div>\n\t\t\t\t\t<\/div>\n\t\t<\/div>\n\t\t\t\t\t\t\t\t<\/div>\n\t\t\t\t\t<\/div>\n\t\t<\/section>\n\t\t\t\t<section class=\"elementor-section elementor-top-section elementor-element elementor-element-ee5a0f5 elementor-section-boxed elementor-section-height-default elementor-section-height-default\" data-id=\"ee5a0f5\" data-element_type=\"section\">\n\t\t\t\t\t\t<div class=\"elementor-container elementor-column-gap-default\">\n\t\t\t\t\t\t\t<div class=\"elementor-row\">\n\t\t\t\t\t<div class=\"elementor-column elementor-col-100 elementor-top-column elementor-element elementor-element-649f35b\" data-id=\"649f35b\" data-element_type=\"column\">\n\t\t\t<div class=\"elementor-column-wrap elementor-element-populated\">\n\t\t\t\t\t\t\t<div class=\"elementor-widget-wrap\">\n\t\t\t\t\t\t<div class=\"elementor-element elementor-element-9d937c2 elementor-align-justify elementor-mobile-align-justify elementor-widget elementor-widget-button\" data-id=\"9d937c2\" data-element_type=\"widget\" data-widget_type=\"button.default\">\n\t\t\t\t<div class=\"elementor-widget-container\">\n\t\t\t\t\t<div class=\"elementor-button-wrapper\">\n\t\t\t<a class=\"elementor-button elementor-button-link elementor-size-sm elementor-animation-grow\" href=\"https:\/\/wa.me\/+525581007577\">\n\t\t\t\t\t\t<span class=\"elementor-button-content-wrapper\">\n\t\t\t\t\t\t<span class=\"elementor-button-icon elementor-align-icon-left\">\n\t\t\t\t<i aria-hidden=\"true\" class=\"fab fa-whatsapp\"><\/i>\t\t\t<\/span>\n\t\t\t\t\t\t<span class=\"elementor-button-text\">ESCR\u00cdBEME POR WHATSAPP<\/span>\n\t\t<\/span>\n\t\t\t\t\t<\/a>\n\t\t<\/div>\n\t\t\t\t<\/div>\n\t\t\t\t<\/div>\n\t\t\t\t<div class=\"elementor-element elementor-element-1b657d7 elementor-align-justify elementor-mobile-align-justify elementor-widget elementor-widget-button\" data-id=\"1b657d7\" data-element_type=\"widget\" data-widget_type=\"button.default\">\n\t\t\t\t<div class=\"elementor-widget-container\">\n\t\t\t\t\t<div class=\"elementor-button-wrapper\">\n\t\t\t<a class=\"elementor-button elementor-button-link elementor-size-sm elementor-animation-grow\" href=\"tel:+525581007577\">\n\t\t\t\t\t\t<span class=\"elementor-button-content-wrapper\">\n\t\t\t\t\t\t<span class=\"elementor-button-icon elementor-align-icon-left\">\n\t\t\t\t<i aria-hidden=\"true\" class=\"fas fa-phone-alt\"><\/i>\t\t\t<\/span>\n\t\t\t\t\t\t<span class=\"elementor-button-text\">LL\u00c1MAME<\/span>\n\t\t<\/span>\n\t\t\t\t\t<\/a>\n\t\t<\/div>\n\t\t\t\t<\/div>\n\t\t\t\t<\/div>\n\t\t\t\t<div class=\"elementor-element elementor-element-d998e6b elementor-align-justify elementor-widget elementor-widget-button\" data-id=\"d998e6b\" data-element_type=\"widget\" data-widget_type=\"button.default\">\n\t\t\t\t<div class=\"elementor-widget-container\">\n\t\t\t\t\t<div class=\"elementor-button-wrapper\">\n\t\t\t<a class=\"elementor-button elementor-size-sm\" role=\"button\">\n\t\t\t\t\t\t<span class=\"elementor-button-content-wrapper\">\n\t\t\t\t\t\t<span class=\"elementor-button-icon elementor-align-icon-left\">\n\t\t\t\t<i aria-hidden=\"true\" class=\"far fa-envelope\"><\/i>\t\t\t<\/span>\n\t\t\t\t\t\t<span class=\"elementor-button-text\">a.ortega@msagros.com.mx<\/span>\n\t\t<\/span>\n\t\t\t\t\t<\/a>\n\t\t<\/div>\n\t\t\t\t<\/div>\n\t\t\t\t<\/div>\n\t\t\t\t<div class=\"elementor-element elementor-element-91cd697 elementor-align-justify elementor-widget elementor-widget-button\" data-id=\"91cd697\" data-element_type=\"widget\" data-widget_type=\"button.default\">\n\t\t\t\t<div class=\"elementor-widget-container\">\n\t\t\t\t\t<div class=\"elementor-button-wrapper\">\n\t\t\t<a class=\"elementor-button elementor-button-link elementor-size-sm elementor-animation-grow\" href=\"https:\/\/msagros.com.mx\/en\/\">\n\t\t\t\t\t\t<span class=\"elementor-button-content-wrapper\">\n\t\t\t\t\t\t<span class=\"elementor-button-icon elementor-align-icon-left\">\n\t\t\t\t<i aria-hidden=\"true\" class=\"fas fa-globe\"><\/i>\t\t\t<\/span>\n\t\t\t\t\t\t<span class=\"elementor-button-text\">VISITA NUESTRO SITIO WEB<\/span>\n\t\t<\/span>\n\t\t\t\t\t<\/a>\n\t\t<\/div>\n\t\t\t\t<\/div>\n\t\t\t\t<\/div>\n\t\t\t\t<div class=\"elementor-element elementor-element-4b400b6 elementor-align-justify elementor-widget elementor-widget-button\" data-id=\"4b400b6\" data-element_type=\"widget\" data-widget_type=\"button.default\">\n\t\t\t\t<div class=\"elementor-widget-container\">\n\t\t\t\t\t<div class=\"elementor-button-wrapper\">\n\t\t\t<a class=\"elementor-button elementor-button-link elementor-size-sm elementor-animation-grow\" href=\"https:\/\/goo.gl\/maps\/AGQTjJc9Xxjm1iuT6\">\n\t\t\t\t\t\t<span class=\"elementor-button-content-wrapper\">\n\t\t\t\t\t\t<span class=\"elementor-button-icon elementor-align-icon-left\">\n\t\t\t\t<i aria-hidden=\"true\" class=\"far fa-building\"><\/i>\t\t\t<\/span>\n\t\t\t\t\t\t<span class=\"elementor-button-text\">VISITA NUESTRAS OFICINAS<\/span>\n\t\t<\/span>\n\t\t\t\t\t<\/a>\n\t\t<\/div>\n\t\t\t\t<\/div>\n\t\t\t\t<\/div>\n\t\t\t\t\t\t<\/div>\n\t\t\t\t\t<\/div>\n\t\t<\/div>\n\t\t\t\t\t\t\t\t<\/div>\n\t\t\t\t\t<\/div>\n\t\t<\/section>\n\t\t\t\t<section class=\"elementor-section elementor-top-section elementor-element elementor-element-ae8c277 elementor-section-boxed elementor-section-height-default elementor-section-height-default\" data-id=\"ae8c277\" data-element_type=\"section\">\n\t\t\t\t\t\t<div class=\"elementor-container elementor-column-gap-default\">\n\t\t\t\t\t\t\t<div class=\"elementor-row\">\n\t\t\t\t\t<div class=\"elementor-column elementor-col-100 elementor-top-column elementor-element elementor-element-7d74c4b\" data-id=\"7d74c4b\" data-element_type=\"column\">\n\t\t\t<div class=\"elementor-column-wrap elementor-element-populated\">\n\t\t\t\t\t\t\t<div class=\"elementor-widget-wrap\">\n\t\t\t\t\t\t<div class=\"elementor-element elementor-element-cbda0e3 elementor-align-justify elementor-widget elementor-widget-button\" data-id=\"cbda0e3\" data-element_type=\"widget\" data-widget_type=\"button.default\">\n\t\t\t\t<div class=\"elementor-widget-container\">\n\t\t\t\t\t<div class=\"elementor-button-wrapper\">\n\t\t\t<a class=\"elementor-button elementor-button-link elementor-size-sm elementor-animation-grow\" href=\"https:\/\/drive.google.com\/file\/d\/1UGkxYuHbFLPrAC6uYubUmMYSPsNYUm7J\/view?usp=sharing\">\n\t\t\t\t\t\t<span class=\"elementor-button-content-wrapper\">\n\t\t\t\t\t\t<span class=\"elementor-button-icon elementor-align-icon-left\">\n\t\t\t\t<i aria-hidden=\"true\" class=\"far fa-user\"><\/i>\t\t\t<\/span>\n\t\t\t\t\t\t<span class=\"elementor-button-text\">DESCARGA MI CONTACTO EN TU TEL\u00c9FONO<\/span>\n\t\t<\/span>\n\t\t\t\t\t<\/a>\n\t\t<\/div>\n\t\t\t\t<\/div>\n\t\t\t\t<\/div>\n\t\t\t\t<div class=\"elementor-element elementor-element-d3a48a6 elementor-widget elementor-widget-heading\" data-id=\"d3a48a6\" data-element_type=\"widget\" data-widget_type=\"heading.default\">\n\t\t\t\t<div class=\"elementor-widget-container\">\n\t\t\t<h2 class=\"elementor-heading-title elementor-size-default\">S\u00cdGUENOS EN NUESTRAS REDES SOCIALES<\/h2>\t\t<\/div>\n\t\t\t\t<\/div>\n\t\t\t\t<div class=\"elementor-element elementor-element-02cc9c8 elementor-view-default elementor-widget elementor-widget-icon\" data-id=\"02cc9c8\" data-element_type=\"widget\" data-widget_type=\"icon.default\">\n\t\t\t\t<div class=\"elementor-widget-container\">\n\t\t\t\t\t<div class=\"elementor-icon-wrapper\">\n\t\t\t<a class=\"elementor-icon elementor-animation-grow\" href=\"https:\/\/www.instagram.com\/msagros\/\">\n\t\t\t<i aria-hidden=\"true\" class=\"fab fa-instagram\"><\/i>\t\t\t<\/a>\n\t\t<\/div>\n\t\t\t\t<\/div>\n\t\t\t\t<\/div>\n\t\t\t\t<div class=\"elementor-element elementor-element-6fc4a32 elementor-view-default elementor-widget elementor-widget-icon\" data-id=\"6fc4a32\" data-element_type=\"widget\" data-widget_type=\"icon.default\">\n\t\t\t\t<div class=\"elementor-widget-container\">\n\t\t\t\t\t<div class=\"elementor-icon-wrapper\">\n\t\t\t<a class=\"elementor-icon elementor-animation-grow\" href=\"https:\/\/www.facebook.com\/msagros\">\n\t\t\t<i aria-hidden=\"true\" class=\"fab fa-facebook\"><\/i>\t\t\t<\/a>\n\t\t<\/div>\n\t\t\t\t<\/div>\n\t\t\t\t<\/div>\n\t\t\t\t\t\t<\/div>\n\t\t\t\t\t<\/div>\n\t\t<\/div>\n\t\t\t\t\t\t\t\t<\/div>\n\t\t\t\t\t<\/div>\n\t\t<\/section>\n\t\t\t\t\t\t\t\t\t<\/div>\n\t\t\t<\/div>\n\t\t\t\t\t<\/div>","protected":false},"excerpt":{"rendered":"<p>C.P. America Ortega Gomez Contador ESCR\u00cdBEME POR WHATSAPP LL\u00c1MAME a.ortega@msagros.com.mx VISITA NUESTRO SITIO WEB VISITA NUESTRAS OFICINAS DESCARGA MI CONTACTO EN TU TEL\u00c9FONO S\u00cdGUENOS EN NUESTRAS REDES SOCIALES<\/p>","protected":false},"author":2,"featured_media":0,"parent":0,"menu_order":0,"comment_status":"closed","ping_status":"closed","template":"elementor_canvas","meta":{"footnotes":""},"folder":[38],"class_list":["post-5373","page","type-page","status-publish","hentry","wpbf-post"],"aioseo_notices":[],"_links":{"self":[{"href":"https:\/\/msagros.com.mx\/en\/wp-json\/wp\/v2\/pages\/5373","targetHints":{"allow":["GET"]}}],"collection":[{"href":"https:\/\/msagros.com.mx\/en\/wp-json\/wp\/v2\/pages"}],"about":[{"href":"https:\/\/msagros.com.mx\/en\/wp-json\/wp\/v2\/types\/page"}],"author":[{"embeddable":true,"href":"https:\/\/msagros.com.mx\/en\/wp-json\/wp\/v2\/users\/2"}],"replies":[{"embeddable":true,"href":"https:\/\/msagros.com.mx\/en\/wp-json\/wp\/v2\/comments?post=5373"}],"version-history":[{"count":0,"href":"https:\/\/msagros.com.mx\/en\/wp-json\/wp\/v2\/pages\/5373\/revisions"}],"wp:attachment":[{"href":"https:\/\/msagros.com.mx\/en\/wp-json\/wp\/v2\/media?parent=5373"}],"wp:term":[{"taxonomy":"folder","embeddable":true,"href":"https:\/\/msagros.com.mx\/en\/wp-json\/wp\/v2\/folder?post=5373"}],"curies":[{"name":"wp","href":"https:\/\/api.w.org\/{rel}","templated":true}]}}