{"id":10306,"date":"2025-07-30T21:02:11","date_gmt":"2025-07-31T02:02:11","guid":{"rendered":"https:\/\/msagros.com.mx\/?page_id=10306"},"modified":"2025-07-30T21:05:20","modified_gmt":"2025-07-31T02:05:20","slug":"aviso-de-privacidad-ms-agros","status":"publish","type":"page","link":"https:\/\/msagros.com.mx\/en\/aviso-de-privacidad-ms-agros\/","title":{"rendered":"AVISO DE PRIVACIDAD MS AGROS"},"content":{"rendered":"<div data-elementor-type=\"wp-page\" data-elementor-id=\"10306\" class=\"elementor elementor-10306\">\n\t\t\t\t\t\t<div class=\"elementor-inner\">\n\t\t\t\t<div class=\"elementor-section-wrap\">\n\t\t\t\t\t\t\t\t\t<section class=\"elementor-section elementor-top-section elementor-element elementor-element-5f14a8b9 elementor-section-boxed elementor-section-height-default elementor-section-height-default\" data-id=\"5f14a8b9\" data-element_type=\"section\">\n\t\t\t\t\t\t<div class=\"elementor-container elementor-column-gap-default\">\n\t\t\t\t\t\t\t<div class=\"elementor-row\">\n\t\t\t\t\t<div class=\"elementor-column elementor-col-100 elementor-top-column elementor-element elementor-element-e0ebc3e\" data-id=\"e0ebc3e\" data-element_type=\"column\">\n\t\t\t<div class=\"elementor-column-wrap elementor-element-populated\">\n\t\t\t\t\t\t\t<div class=\"elementor-widget-wrap\">\n\t\t\t\t\t\t<div class=\"elementor-element elementor-element-20ca40f elementor-widget__width-initial elementor-widget elementor-widget-text-editor\" data-id=\"20ca40f\" data-element_type=\"widget\" data-widget_type=\"text-editor.default\">\n\t\t\t\t<div class=\"elementor-widget-container\">\n\t\t\t\t\t\t\t\t<div class=\"elementor-text-editor elementor-clearfix\">\n\t\t\t\t<h1 style=\"text-align: center;\">AVISO DE PRIVACIDAD MS AGROS<\/h1>\n<p>En cumplimiento a lo previsto en los art\u00edculos 15 y 16 de la Ley Federal de Protecci\u00f3n de Datos Personales en Posesi\u00f3n de Particulares, declara MS Agros S.A. de C.V., con domicilio en calle Esperanza, No 24, Barrio de Ixtlahuac\u00e1n, Yautepec, Morelos, M\u00e9xico que:<\/p>\n<p>Recabamos los siguientes datos personales de nuestros CLIENTES a trav\u00e9s de un correo electr\u00f3nico, los cuales ser\u00e1n tratados bajo los principios de licitud, finalidad, lealtad, consentimiento, calidad, proporcionalidad, informaci\u00f3n y responsabilidad, de conformidad por lo dispuesto en la Ley Federal de Protecci\u00f3n de Datos en Posesi\u00f3n de los Particulares en sus art\u00edculos 5 y 6<\/p>\n<ul>\n<li>Nombre completo.<\/li>\n<li>Comprobante de domicilio<\/li>\n<li>Copia del INE<\/li>\n<li>Copia del Acta Constitutiva<\/li>\n<li>Constancia de Situaci\u00f3n Fiscal<\/li>\n<li>Tel\u00e9fonos de contacto.<\/li>\n<li>Instituci\u00f3n a la que pertenece.<\/li>\n<li>Datos de pago (tarjeta de cr\u00e9dito\/d\u00e9bito, transferencia bancaria).<\/li>\n<\/ul>\n<p>En ning\u00fan momento almacenamos datos bancarios o de tarjetas en nuestros servidores. Sus datos personales ser\u00e1n utilizados para las siguientes finalidades:<\/p>\n<ul>\n<li>Realizar alta de cliente, para nuestros programas de levantamiento de pedidos, gesti\u00f3n de cobranza y env\u00edo de informaci\u00f3n t\u00e9cnica o comercial de acuerdo con las pol\u00edticas comerciales internas estipuladas en el apartado de T\u00c9RMINOS Y CONDICIONES.<\/li>\n<li>Generar comprobantes fiscales digitales (CFDI).<\/li>\n<li>Brindar atenci\u00f3n, seguimiento y soluci\u00f3n a solicitudes, dudas, quejas o aclaraciones.<\/li>\n<li>Cumplir con las obligaciones legales, fiscales y comerciales aplicables.<\/li>\n<\/ul>\n<p>MS Agros S.A. de C.V., no compartir\u00e1 sus datos personales con terceros, salvo aquellas transferencias que sean necesarias para cumplir con fines legales, de facturaci\u00f3n, env\u00edos, pagos y las derivadas de la relaci\u00f3n comercial.<\/p>\n<p>Nuestro sitio web, utiliza cookies y tecnolog\u00edas similares para mejorar la experiencia de navegaci\u00f3n, an\u00e1lisis de comportamiento de usuarios y personalizaci\u00f3n de contenidos. Usted puede desactivarlas desde su navegador.<\/p>\n<p>Cualquier notificaci\u00f3n, consulta, actualizaci\u00f3n o comunicaci\u00f3n relativa al presente Aviso de Privacidad se realizar\u00e1 exclusivamente por medio de los canales antes identificados. No se considerar\u00e1n v\u00e1lidos ni oficiales otros medios, perfiles, redes sociales o aplicaciones distintos a los aqu\u00ed listados.<\/p>\n<p>MS Agros S.A. de C.V. ha implementado medidas de seguridad f\u00edsicas, administrativas y tecnol\u00f3gicas razonables para proteger sus datos personales contra p\u00e9rdida, uso no autorizado o acceso indebido. Sin embargo, el usuario acepta que ninguna transmisi\u00f3n digital o navegaci\u00f3n por internet es completamente segura, por lo que reconoce y acepta estos riesgos al utilizar nuestros servicios.<\/p>\n<p>Para poder ejercer sus derechos <strong>ARCO<\/strong>, le invitamos a solicitar mediante el envi\u00f3 de un correo electr\u00f3nico a la siguiente direcci\u00f3n: contacto@asbios.com.mx donde se le enviar\u00e1 un sencillo formulario para hacer su solicitud de acuerdo a los derechos que desea ejercer.<\/p>\n<p><\/p>\n<p><strong>DERECHOS ARCO<\/strong><\/p>\n<p><strong>Conforme a la Ley Federal de Protecci\u00f3n de Datos Personales en Posesi\u00f3n de los Particulares, son los derechos que toda persona puede ejercer en relaci\u00f3n con el tratamiento de sus datos personales. <\/strong><\/p>\n<p><strong>Cada sigla representa un derecho diferente y son Acceso, Rectificaci\u00f3n, Cancelaci\u00f3n y Oposici\u00f3n. Usted puede dejar de recibir mensajes, llamadas telef\u00f3nicas y actualizaciones fiscales o financieros, as\u00ed como actualizaciones de estatus de sus pedidos, embarques y estados de cuenta. &nbsp;Tambi\u00e9n puede dejar de recibir correos electr\u00f3nicos con promocionales, ofertas, sorteos o invitaciones a eventos. Usted tiene derecho a acceder a sus datos personales que poseemos y a los detalles del tratamiento de los mismos, as\u00ed como a rectificarlos en caso de ser inexactos o incompletos; cancelarlos cuando considere que no se requieren para alguna de las finalidades se\u00f1alados en el presente aviso de privacidad, est\u00e9n siendo utilizados para finalidades no consentidas o haya finalizado la relaci\u00f3n contractual o de servicio, o bien, oponerse al tratamiento de los mismos para fines espec\u00edficos. Usted podr\u00e1 en cualquier momento revocar el consentimiento que ha otorgado a MS Agros S.A. de C.V., para el tratamiento de sus datos personales, limitar el uso o divulgaci\u00f3n de los mismos y ejercer sus Derechos ARCO previstos en la Ley, para ello, es necesario que realice su petici\u00f3n en la direcci\u00f3n electr\u00f3nica <\/strong><a href=\"mailto:contacto@msagros.com.mx\"><strong>contacto@msagros.com.mx<\/strong><\/a><strong> y en un plazo m\u00e1ximo de 10 d\u00edas naturales atenderemos su petici\u00f3n y le informaremos sobre la procedencia de la misma a trav\u00e9s de un mensaje de correo electr\u00f3nico. <\/strong><\/p>\n<p><strong>&nbsp;<\/strong><\/p>\n<p>MS Agros S.A. de C.V., se reserva el derecho de modificar el presente Aviso de Privacidad en cualquier momento. Las modificaciones estar\u00e1n disponibles a trav\u00e9s de nuestro sitio web <a href=\"https:\/\/msagros.com.mx\/en\/\">www.msagros.com.mx<\/a> en la secci\u00f3n Aviso de Privacidad.<\/p>\n<p><!-- \/wp:paragraph --><\/p>\t\t\t\t\t<\/div>\n\t\t\t\t\t\t<\/div>\n\t\t\t\t<\/div>\n\t\t\t\t<div class=\"elementor-element elementor-element-3542ec4 elementor-widget elementor-widget-button\" data-id=\"3542ec4\" data-element_type=\"widget\" data-widget_type=\"button.default\">\n\t\t\t\t<div class=\"elementor-widget-container\">\n\t\t\t\t\t<div class=\"elementor-button-wrapper\">\n\t\t\t<a class=\"elementor-button elementor-button-link elementor-size-lg\" href=\"https:\/\/msagros.com.mx\/en\/\">\n\t\t\t\t\t\t<span class=\"elementor-button-content-wrapper\">\n\t\t\t\t\t\t<span class=\"elementor-button-icon elementor-align-icon-left\">\n\t\t\t\t<i aria-hidden=\"true\" class=\"fas fa-arrow-left\"><\/i>\t\t\t<\/span>\n\t\t\t\t\t\t<span class=\"elementor-button-text\">Regresar<\/span>\n\t\t<\/span>\n\t\t\t\t\t<\/a>\n\t\t<\/div>\n\t\t\t\t<\/div>\n\t\t\t\t<\/div>\n\t\t\t\t<div class=\"elementor-element elementor-element-f57f86c elementor-widget elementor-widget-spacer\" data-id=\"f57f86c\" data-element_type=\"widget\" data-widget_type=\"spacer.default\">\n\t\t\t\t<div class=\"elementor-widget-container\">\n\t\t\t\t\t<div class=\"elementor-spacer\">\n\t\t\t<div class=\"elementor-spacer-inner\"><\/div>\n\t\t<\/div>\n\t\t\t\t<\/div>\n\t\t\t\t<\/div>\n\t\t\t\t\t\t<\/div>\n\t\t\t\t\t<\/div>\n\t\t<\/div>\n\t\t\t\t\t\t\t\t<\/div>\n\t\t\t\t\t<\/div>\n\t\t<\/section>\n\t\t\t\t\t\t\t\t\t<\/div>\n\t\t\t<\/div>\n\t\t\t\t\t<\/div>","protected":false},"excerpt":{"rendered":"<p>AVISO DE PRIVACIDAD MS AGROS En cumplimiento a lo previsto en los art\u00edculos 15 y 16 de la Ley Federal de Protecci\u00f3n de Datos Personales en Posesi\u00f3n de Particulares, declara MS Agros S.A. de C.V., con domicilio en calle Esperanza, No 24, Barrio de Ixtlahuac\u00e1n, Yautepec, Morelos, M\u00e9xico que: Recabamos los siguientes datos personales de [&hellip;]<\/p>","protected":false},"author":2,"featured_media":0,"parent":0,"menu_order":0,"comment_status":"closed","ping_status":"closed","template":"","meta":{"footnotes":""},"folder":[],"class_list":["post-10306","page","type-page","status-publish","hentry","wpbf-post"],"aioseo_notices":[],"_links":{"self":[{"href":"https:\/\/msagros.com.mx\/en\/wp-json\/wp\/v2\/pages\/10306","targetHints":{"allow":["GET"]}}],"collection":[{"href":"https:\/\/msagros.com.mx\/en\/wp-json\/wp\/v2\/pages"}],"about":[{"href":"https:\/\/msagros.com.mx\/en\/wp-json\/wp\/v2\/types\/page"}],"author":[{"embeddable":true,"href":"https:\/\/msagros.com.mx\/en\/wp-json\/wp\/v2\/users\/2"}],"replies":[{"embeddable":true,"href":"https:\/\/msagros.com.mx\/en\/wp-json\/wp\/v2\/comments?post=10306"}],"version-history":[{"count":0,"href":"https:\/\/msagros.com.mx\/en\/wp-json\/wp\/v2\/pages\/10306\/revisions"}],"wp:attachment":[{"href":"https:\/\/msagros.com.mx\/en\/wp-json\/wp\/v2\/media?parent=10306"}],"wp:term":[{"taxonomy":"folder","embeddable":true,"href":"https:\/\/msagros.com.mx\/en\/wp-json\/wp\/v2\/folder?post=10306"}],"curies":[{"name":"wp","href":"https:\/\/api.w.org\/{rel}","templated":true}]}}